{"id":3,"date":"2021-09-16T17:26:41","date_gmt":"2021-09-16T15:26:41","guid":{"rendered":"https:\/\/www.tusazapoj.sk\/?page_id=3"},"modified":"2026-04-01T19:44:53","modified_gmt":"2026-04-01T17:44:53","slug":"ochrana-sukromia","status":"publish","type":"page","link":"https:\/\/www.tusazapoj.sk\/?page_id=3","title":{"rendered":"Z\u00e1sady ochrany osobn\u00fdch \u00fadajov"},"content":{"rendered":"\n<h1>OCHRANA OSOBN\u00ddCH \u00daDAJOV<\/h1>\n\n\n\n<h2>Ochrana osobn\u00fdch \u00fadajov<\/h2>\n\n\n\n<p>Prev\u00e1dzkovate\u013eom osobn\u00fdch \u00fadajov je spolo\u010dnos\u0165:<\/p>\n\n\n\n<p><strong>RENDY s.r.o.<\/strong><br>(\u010falej len \u201eprev\u00e1dzkovate\u013e\u201c)<\/p>\n\n\n\n<p>Webov\u00e1 str\u00e1nka <strong>tusazapoj.sk<\/strong> sl\u00fa\u017ei ako technick\u00e1 platforma pre zapojenie sa do s\u00fa\u0165a\u017ee. Prev\u00e1dzkovate\u013e str\u00e1nky nie je organiz\u00e1torom s\u00fa\u0165a\u017ee a nenesie zodpovednos\u0165 za jej priebeh.<\/p>\n\n\n\n<hr class=\"wp-block-separator\"\/>\n\n\n\n<h2>Ak\u00e9 \u00fadaje sprac\u00favame<\/h2>\n\n\n\n<p>Pri zapojen\u00ed sa do s\u00fa\u0165a\u017ee m\u00f4\u017eeme sprac\u00fava\u0165 nasledovn\u00e9 osobn\u00e9 \u00fadaje:<\/p>\n\n\n\n<ul><li>meno alebo prez\u00fdvku uveden\u00fa v koment\u00e1ri<\/li><li>e-mailov\u00fa adresu (ak je uveden\u00e1)<\/li><li>pr\u00edpadne \u010fal\u0161ie \u00fadaje, ktor\u00e9 \u00fa\u010dastn\u00edk dobrovo\u013ene uvedie<\/li><\/ul>\n\n\n\n<hr class=\"wp-block-separator\"\/>\n\n\n\n<h2>\u00da\u010del spracovania \u00fadajov<\/h2>\n\n\n\n<p>Osobn\u00e9 \u00fadaje sprac\u00favame v\u00fdhradne za \u00fa\u010delom:<\/p>\n\n\n\n<ul><li>zapojenia \u00fa\u010dastn\u00edka do s\u00fa\u0165a\u017ee<\/li><li>vyhodnotenia s\u00fa\u0165a\u017ee<\/li><li>kontaktovania v\u00fdhercu<\/li><li>doru\u010denia v\u00fdhry<\/li><\/ul>\n\n\n\n<hr class=\"wp-block-separator\"\/>\n\n\n\n<h2>Pr\u00e1vny z\u00e1klad<\/h2>\n\n\n\n<p>Pr\u00e1vnym z\u00e1kladom spracovania osobn\u00fdch \u00fadajov je:<\/p>\n\n\n\n<p>\ud83d\udc49 <strong>s\u00fahlas dotknutej osoby<\/strong>, ktor\u00fd \u00fa\u010dastn\u00edk ude\u013euje pri zapojen\u00ed sa do s\u00fa\u0165a\u017ee (za\u0161krtnut\u00edm s\u00fahlasu pri koment\u00e1ri)<\/p>\n\n\n\n<hr class=\"wp-block-separator\"\/>\n\n\n\n<h2>Doba uchov\u00e1vania<\/h2>\n\n\n\n<p>Osobn\u00e9 \u00fadaje uchov\u00e1vame po dobu nevyhnutn\u00fa na realiz\u00e1ciu s\u00fa\u0165a\u017ee a n\u00e1sledne po dobu potrebn\u00fa na splnenie z\u00e1konn\u00fdch povinnost\u00ed.<\/p>\n\n\n\n<hr class=\"wp-block-separator\"\/>\n\n\n\n<h2>Poskytovanie \u00fadajov tret\u00edm stran\u00e1m<\/h2>\n\n\n\n<p>Osobn\u00e9 \u00fadaje nebud\u00fa poskytovan\u00e9 tret\u00edm stran\u00e1m, s v\u00fdnimkou pr\u00edpadov, ke\u010f je to nevyhnutn\u00e9 na doru\u010denie v\u00fdhry alebo vypl\u00fdva zo z\u00e1kona.<\/p>\n\n\n\n<hr class=\"wp-block-separator\"\/>\n\n\n\n<h2>Pr\u00e1va dotknutej osoby<\/h2>\n\n\n\n<p>Ka\u017ed\u00fd \u00fa\u010dastn\u00edk m\u00e1 pr\u00e1vo:<\/p>\n\n\n\n<ul><li>po\u017eiada\u0165 o pr\u00edstup k svojim osobn\u00fdm \u00fadajom<\/li><li>po\u017eiada\u0165 o opravu alebo vymazanie \u00fadajov<\/li><li>obmedzi\u0165 spracovanie<\/li><li>odvola\u0165 svoj s\u00fahlas<\/li><\/ul>\n\n\n\n<p>Tieto pr\u00e1va si m\u00f4\u017ee uplatni\u0165 kontaktovan\u00edm prev\u00e1dzkovate\u013ea.<\/p>\n\n\n\n<hr class=\"wp-block-separator\"\/>\n\n\n\n<h2>Kontakt<\/h2>\n\n\n\n<p>V pr\u00edpade ot\u00e1zok oh\u013eadom spracovania osobn\u00fdch \u00fadajov n\u00e1s m\u00f4\u017eete kontaktova\u0165 na:<\/p>\n\n\n\n<p><strong><a>info@tusazapoj.sk<\/a><\/strong><\/p>\n\n\n\n<hr class=\"wp-block-separator\"\/>\n\n\n\n<h2>Z\u00e1vere\u010dn\u00e9 ustanovenia<\/h2>\n\n\n\n<p>Prev\u00e1dzkovate\u013e si vyhradzuje pr\u00e1vo tieto podmienky upravi\u0165.<\/p>\n","protected":false},"excerpt":{"rendered":"<p>OCHRANA OSOBN\u00ddCH \u00daDAJOV Ochrana osobn\u00fdch \u00fadajov Prev\u00e1dzkovate\u013eom osobn\u00fdch \u00fadajov je spolo\u010dnos\u0165: RENDY s.r.o.(\u010falej len \u201eprev\u00e1dzkovate\u013e\u201c) Webov\u00e1 str\u00e1nka tusazapoj.sk sl\u00fa\u017ei ako technick\u00e1 platforma pre zapojenie sa do&#46;&#46;&#46;<\/p>\n","protected":false},"author":1,"featured_media":0,"parent":0,"menu_order":0,"comment_status":"closed","ping_status":"open","template":"","meta":{"_monsterinsights_skip_tracking":false,"_monsterinsights_sitenote_active":false,"_monsterinsights_sitenote_note":"","_monsterinsights_sitenote_category":0},"yoast_head":"<!-- This site is optimized with the Yoast SEO plugin v17.1 - https:\/\/yoast.com\/wordpress\/plugins\/seo\/ -->\n<title>Z\u00e1sady ochrany osobn\u00fdch \u00fadajov - Tu sa zapoj<\/title>\n<meta name=\"robots\" content=\"index, follow, max-snippet:-1, max-image-preview:large, max-video-preview:-1\" \/>\n<link rel=\"canonical\" href=\"https:\/\/www.tusazapoj.sk\/?page_id=3\" \/>\n<meta property=\"og:locale\" content=\"sk_SK\" \/>\n<meta property=\"og:type\" content=\"article\" \/>\n<meta property=\"og:title\" content=\"Z\u00e1sady ochrany osobn\u00fdch \u00fadajov - Tu sa zapoj\" \/>\n<meta property=\"og:description\" content=\"OCHRANA OSOBN\u00ddCH \u00daDAJOV Ochrana osobn\u00fdch \u00fadajov Prev\u00e1dzkovate\u013eom osobn\u00fdch \u00fadajov je spolo\u010dnos\u0165: RENDY s.r.o.(\u010falej len \u201eprev\u00e1dzkovate\u013e\u201c) Webov\u00e1 str\u00e1nka tusazapoj.sk sl\u00fa\u017ei ako technick\u00e1 platforma pre zapojenie sa do&#046;&#046;&#046;\" \/>\n<meta property=\"og:url\" content=\"https:\/\/www.tusazapoj.sk\/?page_id=3\" \/>\n<meta property=\"og:site_name\" content=\"Tu sa zapoj\" \/>\n<meta property=\"article:modified_time\" content=\"2026-04-01T17:44:53+00:00\" \/>\n<meta name=\"twitter:card\" content=\"summary_large_image\" \/>\n<meta name=\"twitter:label1\" content=\"Predpokladan\u00fd \u010das \u010d\u00edtania\" \/>\n\t<meta name=\"twitter:data1\" content=\"1 min\u00fata\" \/>\n<script type=\"application\/ld+json\" class=\"yoast-schema-graph\">{\"@context\":\"https:\/\/schema.org\",\"@graph\":[{\"@type\":\"WebSite\",\"@id\":\"https:\/\/www.tusazapoj.sk\/#website\",\"url\":\"https:\/\/www.tusazapoj.sk\/\",\"name\":\"Tu sa zapoj\",\"description\":\"Rendy ti to zaru\\u010d\\u00ed\",\"potentialAction\":[{\"@type\":\"SearchAction\",\"target\":{\"@type\":\"EntryPoint\",\"urlTemplate\":\"https:\/\/www.tusazapoj.sk\/?s={search_term_string}\"},\"query-input\":\"required name=search_term_string\"}],\"inLanguage\":\"sk-SK\"},{\"@type\":\"WebPage\",\"@id\":\"https:\/\/www.tusazapoj.sk\/?page_id=3#webpage\",\"url\":\"https:\/\/www.tusazapoj.sk\/?page_id=3\",\"name\":\"Z\\u00e1sady ochrany osobn\\u00fdch \\u00fadajov - Tu sa zapoj\",\"isPartOf\":{\"@id\":\"https:\/\/www.tusazapoj.sk\/#website\"},\"datePublished\":\"2021-09-16T15:26:41+00:00\",\"dateModified\":\"2026-04-01T17:44:53+00:00\",\"breadcrumb\":{\"@id\":\"https:\/\/www.tusazapoj.sk\/?page_id=3#breadcrumb\"},\"inLanguage\":\"sk-SK\",\"potentialAction\":[{\"@type\":\"ReadAction\",\"target\":[\"https:\/\/www.tusazapoj.sk\/?page_id=3\"]}]},{\"@type\":\"BreadcrumbList\",\"@id\":\"https:\/\/www.tusazapoj.sk\/?page_id=3#breadcrumb\",\"itemListElement\":[{\"@type\":\"ListItem\",\"position\":1,\"name\":\"Home\",\"item\":\"https:\/\/www.tusazapoj.sk\/\"},{\"@type\":\"ListItem\",\"position\":2,\"name\":\"Z\\u00e1sady ochrany osobn\\u00fdch \\u00fadajov\"}]}]}<\/script>\n<!-- \/ Yoast SEO plugin. -->","yoast_head_json":{"title":"Z\u00e1sady ochrany osobn\u00fdch \u00fadajov - Tu sa zapoj","robots":{"index":"index","follow":"follow","max-snippet":"max-snippet:-1","max-image-preview":"max-image-preview:large","max-video-preview":"max-video-preview:-1"},"canonical":"https:\/\/www.tusazapoj.sk\/?page_id=3","og_locale":"sk_SK","og_type":"article","og_title":"Z\u00e1sady ochrany osobn\u00fdch \u00fadajov - Tu sa zapoj","og_description":"OCHRANA OSOBN\u00ddCH \u00daDAJOV Ochrana osobn\u00fdch \u00fadajov Prev\u00e1dzkovate\u013eom osobn\u00fdch \u00fadajov je spolo\u010dnos\u0165: RENDY s.r.o.(\u010falej len \u201eprev\u00e1dzkovate\u013e\u201c) Webov\u00e1 str\u00e1nka tusazapoj.sk sl\u00fa\u017ei ako technick\u00e1 platforma pre zapojenie sa do&#46;&#46;&#46;","og_url":"https:\/\/www.tusazapoj.sk\/?page_id=3","og_site_name":"Tu sa zapoj","article_modified_time":"2026-04-01T17:44:53+00:00","twitter_card":"summary_large_image","twitter_misc":{"Predpokladan\u00fd \u010das \u010d\u00edtania":"1 min\u00fata"},"schema":{"@context":"https:\/\/schema.org","@graph":[{"@type":"WebSite","@id":"https:\/\/www.tusazapoj.sk\/#website","url":"https:\/\/www.tusazapoj.sk\/","name":"Tu sa zapoj","description":"Rendy ti to zaru\u010d\u00ed","potentialAction":[{"@type":"SearchAction","target":{"@type":"EntryPoint","urlTemplate":"https:\/\/www.tusazapoj.sk\/?s={search_term_string}"},"query-input":"required name=search_term_string"}],"inLanguage":"sk-SK"},{"@type":"WebPage","@id":"https:\/\/www.tusazapoj.sk\/?page_id=3#webpage","url":"https:\/\/www.tusazapoj.sk\/?page_id=3","name":"Z\u00e1sady ochrany osobn\u00fdch \u00fadajov - Tu sa zapoj","isPartOf":{"@id":"https:\/\/www.tusazapoj.sk\/#website"},"datePublished":"2021-09-16T15:26:41+00:00","dateModified":"2026-04-01T17:44:53+00:00","breadcrumb":{"@id":"https:\/\/www.tusazapoj.sk\/?page_id=3#breadcrumb"},"inLanguage":"sk-SK","potentialAction":[{"@type":"ReadAction","target":["https:\/\/www.tusazapoj.sk\/?page_id=3"]}]},{"@type":"BreadcrumbList","@id":"https:\/\/www.tusazapoj.sk\/?page_id=3#breadcrumb","itemListElement":[{"@type":"ListItem","position":1,"name":"Home","item":"https:\/\/www.tusazapoj.sk\/"},{"@type":"ListItem","position":2,"name":"Z\u00e1sady ochrany osobn\u00fdch \u00fadajov"}]}]}},"_links":{"self":[{"href":"https:\/\/www.tusazapoj.sk\/index.php?rest_route=\/wp\/v2\/pages\/3"}],"collection":[{"href":"https:\/\/www.tusazapoj.sk\/index.php?rest_route=\/wp\/v2\/pages"}],"about":[{"href":"https:\/\/www.tusazapoj.sk\/index.php?rest_route=\/wp\/v2\/types\/page"}],"author":[{"embeddable":true,"href":"https:\/\/www.tusazapoj.sk\/index.php?rest_route=\/wp\/v2\/users\/1"}],"replies":[{"embeddable":true,"href":"https:\/\/www.tusazapoj.sk\/index.php?rest_route=%2Fwp%2Fv2%2Fcomments&post=3"}],"version-history":[{"count":3,"href":"https:\/\/www.tusazapoj.sk\/index.php?rest_route=\/wp\/v2\/pages\/3\/revisions"}],"predecessor-version":[{"id":544,"href":"https:\/\/www.tusazapoj.sk\/index.php?rest_route=\/wp\/v2\/pages\/3\/revisions\/544"}],"wp:attachment":[{"href":"https:\/\/www.tusazapoj.sk\/index.php?rest_route=%2Fwp%2Fv2%2Fmedia&parent=3"}],"curies":[{"name":"wp","href":"https:\/\/api.w.org\/{rel}","templated":true}]}}